{"id":2,"date":"2018-09-18T07:03:10","date_gmt":"2018-09-18T07:03:10","guid":{"rendered":"http:\/\/localhost\/dev\/capno\/?page_id=2"},"modified":"2024-02-15T19:58:35","modified_gmt":"2024-02-15T19:58:35","slug":"ez-egy-minta-oldal","status":"publish","type":"page","link":"https:\/\/capno.albacomp.hu","title":{"rendered":"Mainpage"},"content":{"rendered":"<p><!-- epsilon\/hero --><\/p>\n<p><\/p>\n<figure class=\"wp-block-video\"><\/figure>\n<p><\/p>\n<div style=\"width: 640px;\" class=\"wp-video\"><!--[if lt IE 9]><script>document.createElement('video');<\/script><![endif]-->\n<video class=\"wp-video-shortcode\" id=\"video-2-1\" width=\"640\" height=\"360\" preload=\"metadata\" controls=\"controls\"><source type=\"video\/mp4\" src=\"http:\/\/capno.albacomp.hu\/wp-content\/uploads\/2024\/02\/capno_bemutato_video.mp4?_=1\" \/><a href=\"http:\/\/capno.albacomp.hu\/wp-content\/uploads\/2024\/02\/capno_bemutato_video.mp4\">http:\/\/capno.albacomp.hu\/wp-content\/uploads\/2024\/02\/capno_bemutato_video.mp4<\/a><\/video><\/div>\n<p><strong>The importance of the CAPNO system<\/strong><\/p>\n<p>In addition to diagnosis and treatment, there is an even higher demand for home monitoring and patient condition monitoring for asthma, one of the most common chronic respiratory diseases, and even COPD, a chronic lung disease that plays an increasing role in mortality statistics.<\/p>\n<p>These diagnostic and patient condition monitoring tasks are supported by our CAPNO IT system (fully developed by us). With clinical measurement of the partial carbon dioxide pressure of the exhaled air and the evaluation with our IT application it accelerates and simplifies the diagnosis and the initiation of the patient&#8217;s treatment. With the help of the HOME CAPNO developed within the framework of the system, the change of the patient&#8217;s condition can be continuously monitored, carrying out any necessary medical interventions as soon as possible.<\/p>\n<p>The device could also be used effectively in the detection and treatment of post-covid syndrome and other lung disease, like pneumonia.<\/p>\n<p><a href=\"http:\/\/capno.albacomp.hu\/wp-content\/uploads\/2024\/02\/MicrosoftTeams-image-2.jpg\"><img loading=\"lazy\" decoding=\"async\" class=\"alignnone size-full wp-image-281\" src=\"http:\/\/capno.albacomp.hu\/wp-content\/uploads\/2024\/02\/MicrosoftTeams-image-2.jpg\" alt=\"Capno eszk\u00f6z\u00f6k\" width=\"1760\" height=\"1320\" \/><\/a><br \/><!-- epsilon\/Services -->The <em>Capnography<\/em><br \/><em>\u201eCapnography is a continuous, non-invasive,&#8230; effortless, non-cooperative, numerical and graphical analysis of exhaled CO2. Today, capnography is an essential monitoring technique for patient safety in anaesthesia and critical care. It is recommended by the Hungarian Society of Anaesthesiology and Intensive Care and is mandatory in all care of mechanically ventilated patients. Capnographs can therefore be found in every operating theatre and intensive care unit in Hungary. It is also an important diagnostic tool, because of the information it carries on ventilation, perfusion and metabolic status. It is therefore used in emergency care, paediatrics, sleep laboratories, resuscitation, patient transport and, of course, in pulmonology.\u201d \u00a0(\u00c9LET \u00c9S TUDOM\u00c1NY weekly newspaper 2014\/26 from 809 &#8211; 811 pages)<\/em><\/p>\n<p>Authors of the above article: TOLNAI J\u00d3ZSEF, PET\u00c1K FERENC, BABIK BARNA<br \/><img decoding=\"async\" src=\"http:\/\/capno.albacomp.hu\/wp-content\/uploads\/2018\/07\/capno.png\" \/><br \/><!-- \/epsilon\/about --><\/p>\n<p><!-- epsilon\/Specialties -->Pulmonology<br \/>Pulmonology is concerned with the complete investigation and treatment of diseases of the lower respiratory tract, the respiratory aspects of non-respiratory diseases and the care of chronic respiratory patients.<br \/><!-- \/epsilon\/Specialties--><!-- \/epsilon\/specialties --><!-- epsilon\/testimonials --><\/p>\n\n\n<figure class=\"wp-block-video\"><\/figure>\n","protected":false},"excerpt":{"rendered":"<p>The importance of the CAPNO system In addition to diagnosis and treatment, there is an even higher demand for home monitoring and patient condition monitoring for asthma, one of the most common chronic respiratory diseases, and even COPD, a chronic lung disease that plays an increasing role in mortality statistics. These diagnostic and patient condition [&hellip;]<\/p>\n","protected":false},"author":3,"featured_media":0,"parent":0,"menu_order":0,"comment_status":"closed","ping_status":"open","template":"","meta":{"footnotes":""},"class_list":["post-2","page","type-page","status-publish","hentry"],"yoast_head":"<!-- This site is optimized with the Yoast SEO plugin v22.0 - https:\/\/yoast.com\/wordpress\/plugins\/seo\/ -->\n<title>Mainpage - CAPNO cloud-based diagnostic and condition tracking system<\/title>\n<meta name=\"robots\" content=\"index, follow, max-snippet:-1, max-image-preview:large, max-video-preview:-1\" \/>\n<link rel=\"canonical\" href=\"https:\/\/capno.albacomp.hu\" \/>\n<meta property=\"og:locale\" content=\"en_US\" \/>\n<meta property=\"og:locale:alternate\" content=\"hu_HU\" \/>\n<meta property=\"og:type\" content=\"article\" \/>\n<meta property=\"og:title\" content=\"Mainpage\" \/>\n<meta property=\"og:description\" content=\"The importance of the CAPNO system In addition to diagnosis and treatment, there is an even higher demand for home monitoring and patient condition monitoring for asthma, one of the most common chronic respiratory diseases, and even COPD, a chronic lung disease that plays an increasing role in mortality statistics. These diagnostic and patient condition [&hellip;]\" \/>\n<meta property=\"og:url\" content=\"https:\/\/capno.albacomp.hu\/\" \/>\n<meta property=\"og:site_name\" content=\"CAPNO cloud-based diagnostic and condition tracking system\" \/>\n<meta property=\"article:modified_time\" content=\"2024-02-15T19:58:35+00:00\" \/>\n<meta property=\"og:image\" content=\"http:\/\/capno.albacomp.hu\/wp-content\/uploads\/2024\/02\/MicrosoftTeams-image-2.jpg\" \/>\n<meta name=\"twitter:card\" content=\"summary_large_image\" \/>\n<meta name=\"twitter:label1\" content=\"Est. reading time\" \/>\n\t<meta name=\"twitter:data1\" content=\"3 minutes\" \/>\n<script type=\"application\/ld+json\" class=\"yoast-schema-graph\">{\"@context\":\"https:\/\/schema.org\",\"@graph\":[{\"@type\":\"WebPage\",\"@id\":\"https:\/\/capno.albacomp.hu\/\",\"url\":\"https:\/\/capno.albacomp.hu\/\",\"name\":\"Mainpage\",\"isPartOf\":{\"@id\":\"https:\/\/capno.albacomp.hu\/#website\"},\"datePublished\":\"2018-09-18T07:03:10+00:00\",\"dateModified\":\"2024-02-15T19:58:35+00:00\",\"breadcrumb\":{\"@id\":\"https:\/\/capno.albacomp.hu\/#breadcrumb\"},\"inLanguage\":\"en-US\",\"potentialAction\":[{\"@type\":\"ReadAction\",\"target\":[\"https:\/\/capno.albacomp.hu\/\"]}]},{\"@type\":\"BreadcrumbList\",\"@id\":\"https:\/\/capno.albacomp.hu\/#breadcrumb\",\"itemListElement\":[{\"@type\":\"ListItem\",\"position\":1,\"name\":\"Home\",\"item\":\"https:\/\/capno.albacomp.hu\/\"},{\"@type\":\"ListItem\",\"position\":2,\"name\":\"Mainpage\"}]},{\"@type\":\"WebSite\",\"@id\":\"https:\/\/capno.albacomp.hu\/#website\",\"url\":\"https:\/\/capno.albacomp.hu\/\",\"name\":\"CAPNO cloud-based diagnostic and condition tracking system\",\"description\":\"\",\"publisher\":{\"@id\":\"https:\/\/capno.albacomp.hu\/#organization\"},\"potentialAction\":[{\"@type\":\"SearchAction\",\"target\":{\"@type\":\"EntryPoint\",\"urlTemplate\":\"https:\/\/capno.albacomp.hu\/?s={search_term_string}\"},\"query-input\":\"required name=search_term_string\"}],\"inLanguage\":\"en-US\"},{\"@type\":\"Organization\",\"@id\":\"https:\/\/capno.albacomp.hu\/#organization\",\"name\":\"CAPNO cloud-based diagnostic and condition tracking system\",\"url\":\"https:\/\/capno.albacomp.hu\/\",\"logo\":{\"@type\":\"ImageObject\",\"inLanguage\":\"en-US\",\"@id\":\"https:\/\/capno.albacomp.hu\/#\/schema\/logo\/image\/\",\"url\":\"https:\/\/capno.albacomp.hu\/wp-content\/uploads\/2018\/07\/cropped-logo-magas-1.png\",\"contentUrl\":\"https:\/\/capno.albacomp.hu\/wp-content\/uploads\/2018\/07\/cropped-logo-magas-1.png\",\"width\":109,\"height\":35,\"caption\":\"CAPNO cloud-based diagnostic and condition tracking system\"},\"image\":{\"@id\":\"https:\/\/capno.albacomp.hu\/#\/schema\/logo\/image\/\"}}]}<\/script>\n<!-- \/ Yoast SEO plugin. -->","yoast_head_json":{"title":"Mainpage - CAPNO cloud-based diagnostic and condition tracking system","robots":{"index":"index","follow":"follow","max-snippet":"max-snippet:-1","max-image-preview":"max-image-preview:large","max-video-preview":"max-video-preview:-1"},"canonical":"https:\/\/capno.albacomp.hu","og_locale":"en_US","og_type":"article","og_title":"[:en]Mainpage[:hu]F\u0151oldal[:] - CAPNO cloud-based diagnostic and condition tracking system","og_description":"The importance of the CAPNO system In addition to diagnosis and treatment, there is an even higher demand for home monitoring and patient condition monitoring for asthma, one of the most common chronic respiratory diseases, and even COPD, a chronic lung disease that plays an increasing role in mortality statistics. These diagnostic and patient condition [&hellip;]","og_url":"https:\/\/capno.albacomp.hu\/","og_site_name":"CAPNO cloud-based diagnostic and condition tracking system","article_modified_time":"2024-02-15T19:58:35+00:00","og_image":[{"url":"http:\/\/capno.albacomp.hu\/wp-content\/uploads\/2024\/02\/MicrosoftTeams-image-2.jpg"}],"twitter_card":"summary_large_image","twitter_misc":{"Est. reading time":"3 minutes"},"schema":{"@context":"https:\/\/schema.org","@graph":[{"@type":"WebPage","@id":"https:\/\/capno.albacomp.hu\/","url":"https:\/\/capno.albacomp.hu\/","name":"Mainpage","isPartOf":{"@id":"https:\/\/capno.albacomp.hu\/#website"},"datePublished":"2018-09-18T07:03:10+00:00","dateModified":"2024-02-15T19:58:35+00:00","breadcrumb":{"@id":"https:\/\/capno.albacomp.hu\/#breadcrumb"},"inLanguage":"en-US","potentialAction":[{"@type":"ReadAction","target":["https:\/\/capno.albacomp.hu\/"]}]},{"@type":"BreadcrumbList","@id":"https:\/\/capno.albacomp.hu\/#breadcrumb","itemListElement":[{"@type":"ListItem","position":1,"name":"Home","item":"https:\/\/capno.albacomp.hu\/"},{"@type":"ListItem","position":2,"name":"Mainpage"}]},{"@type":"WebSite","@id":"https:\/\/capno.albacomp.hu\/#website","url":"https:\/\/capno.albacomp.hu\/","name":"CAPNO cloud-based diagnostic and condition tracking system","description":"","publisher":{"@id":"https:\/\/capno.albacomp.hu\/#organization"},"potentialAction":[{"@type":"SearchAction","target":{"@type":"EntryPoint","urlTemplate":"https:\/\/capno.albacomp.hu\/?s={search_term_string}"},"query-input":"required name=search_term_string"}],"inLanguage":"en-US"},{"@type":"Organization","@id":"https:\/\/capno.albacomp.hu\/#organization","name":"CAPNO cloud-based diagnostic and condition tracking system","url":"https:\/\/capno.albacomp.hu\/","logo":{"@type":"ImageObject","inLanguage":"en-US","@id":"https:\/\/capno.albacomp.hu\/#\/schema\/logo\/image\/","url":"https:\/\/capno.albacomp.hu\/wp-content\/uploads\/2018\/07\/cropped-logo-magas-1.png","contentUrl":"https:\/\/capno.albacomp.hu\/wp-content\/uploads\/2018\/07\/cropped-logo-magas-1.png","width":109,"height":35,"caption":"CAPNO cloud-based diagnostic and condition tracking system"},"image":{"@id":"https:\/\/capno.albacomp.hu\/#\/schema\/logo\/image\/"}}]}},"_links":{"self":[{"href":"https:\/\/capno.albacomp.hu\/index.php\/wp-json\/wp\/v2\/pages\/2","targetHints":{"allow":["GET"]}}],"collection":[{"href":"https:\/\/capno.albacomp.hu\/index.php\/wp-json\/wp\/v2\/pages"}],"about":[{"href":"https:\/\/capno.albacomp.hu\/index.php\/wp-json\/wp\/v2\/types\/page"}],"author":[{"embeddable":true,"href":"https:\/\/capno.albacomp.hu\/index.php\/wp-json\/wp\/v2\/users\/3"}],"replies":[{"embeddable":true,"href":"https:\/\/capno.albacomp.hu\/index.php\/wp-json\/wp\/v2\/comments?post=2"}],"version-history":[{"count":46,"href":"https:\/\/capno.albacomp.hu\/index.php\/wp-json\/wp\/v2\/pages\/2\/revisions"}],"predecessor-version":[{"id":376,"href":"https:\/\/capno.albacomp.hu\/index.php\/wp-json\/wp\/v2\/pages\/2\/revisions\/376"}],"wp:attachment":[{"href":"https:\/\/capno.albacomp.hu\/index.php\/wp-json\/wp\/v2\/media?parent=2"}],"curies":[{"name":"wp","href":"https:\/\/api.w.org\/{rel}","templated":true}]}}